{"id":16,"date":"2015-12-20T21:20:45","date_gmt":"2015-12-20T19:20:45","guid":{"rendered":"http:\/\/onderkayigil.com.tr\/onder\/?page_id=16"},"modified":"2015-12-20T23:57:51","modified_gmt":"2015-12-20T21:57:51","slug":"mesleki-etkinlikler","status":"publish","type":"page","link":"https:\/\/onderkayigil.com.tr\/en\/mesleki-etkinlikler\/","title":{"rendered":"Professional Activities"},"content":{"rendered":"<p><strong>Bilimsel Aktiviteleri:<\/strong><\/p>\n<p><strong>Yurt d\u0131\u015f\u0131 yay\u0131n:<\/strong> 62 adet<br \/>\n<strong>A. SCI ve SCI Expanded yay\u0131nlar:<\/strong> 53 adet<br \/>\n<strong>B. Uluslararas\u0131 Hakemli Dergiler:<\/strong> 9 adet<br \/>\n<strong>Yurt i\u00e7i yay\u0131n:<\/strong> 49 adet,<strong style=\"line-height: 1.5;\">Yurt d\u0131\u015f\u0131 tebli\u011f:<\/strong><span style=\"line-height: 1.5;\"> 22 adet,\u00a0<\/span><strong>Yurt i\u00e7i tebli\u011f:<\/strong> 66 adet<br \/>\n<strong>Kat\u0131ld\u0131\u011f\u0131 Kongreler: Yurt D\u0131\u015f\u0131:<\/strong> 13 adet, <strong>Yurt i\u00e7i:<\/strong>56 adet<br \/>\n<strong>Yurt D\u0131\u015f\u0131 Referans G\u00f6sterildi\u011fi Yay\u0131nlar (SCI ve SCI Expanded kapsam\u0131nda):<\/strong>107 adet<br \/>\n<strong>Yurt \u0130\u00e7i Referans G\u00f6sterildi\u011fi Yay\u0131nlar:<\/strong> 8 adet<br \/>\n<strong>Konu\u015fmac\u0131 Olarak Kat\u0131ld\u0131\u011f\u0131 Bilimsel Toplant\u0131lar veya Oturum Ba\u015fkanl\u0131klar\u0131:<\/strong> 41 adet<\/p>","protected":false},"excerpt":{"rendered":"<p>Bilimsel Aktiviteleri: Yurt d\u0131\u015f\u0131 yay\u0131n: 62 adet A. SCI ve SCI Expanded yay\u0131nlar: 53 adet B. Uluslararas\u0131 Hakemli Dergiler: 9 adet Yurt i\u00e7i yay\u0131n: 49 adet,Yurt d\u0131\u015f\u0131 tebli\u011f: 22 adet,\u00a0Yurt i\u00e7i tebli\u011f: 66 adet Kat\u0131ld\u0131\u011f\u0131 Kongreler: Yurt D\u0131\u015f\u0131: 13 adet, Yurt i\u00e7i:56 adet Yurt D\u0131\u015f\u0131 Referans G\u00f6sterildi\u011fi Yay\u0131nlar (SCI ve SCI Expanded kapsam\u0131nda):107 adet Yurt [&hellip;]<\/p>\n","protected":false},"author":1,"featured_media":0,"parent":0,"menu_order":0,"comment_status":"closed","ping_status":"closed","template":"","meta":{"footnotes":""},"class_list":["post-16","page","type-page","status-publish","hentry"],"_links":{"self":[{"href":"https:\/\/onderkayigil.com.tr\/en\/wp-json\/wp\/v2\/pages\/16","targetHints":{"allow":["GET"]}}],"collection":[{"href":"https:\/\/onderkayigil.com.tr\/en\/wp-json\/wp\/v2\/pages"}],"about":[{"href":"https:\/\/onderkayigil.com.tr\/en\/wp-json\/wp\/v2\/types\/page"}],"author":[{"embeddable":true,"href":"https:\/\/onderkayigil.com.tr\/en\/wp-json\/wp\/v2\/users\/1"}],"replies":[{"embeddable":true,"href":"https:\/\/onderkayigil.com.tr\/en\/wp-json\/wp\/v2\/comments?post=16"}],"version-history":[{"count":3,"href":"https:\/\/onderkayigil.com.tr\/en\/wp-json\/wp\/v2\/pages\/16\/revisions"}],"predecessor-version":[{"id":31,"href":"https:\/\/onderkayigil.com.tr\/en\/wp-json\/wp\/v2\/pages\/16\/revisions\/31"}],"wp:attachment":[{"href":"https:\/\/onderkayigil.com.tr\/en\/wp-json\/wp\/v2\/media?parent=16"}],"curies":[{"name":"wp","href":"https:\/\/api.w.org\/{rel}","templated":true}]}}