{"id":32,"date":"2015-12-21T00:45:09","date_gmt":"2015-12-20T22:45:09","guid":{"rendered":"http:\/\/onderkayigil.com.tr\/onder\/?page_id=32"},"modified":"2016-01-12T20:19:50","modified_gmt":"2016-01-12T18:19:50","slug":"penis-egrilikleri","status":"publish","type":"page","link":"https:\/\/onderkayigil.com.tr\/en\/penis-egrilikleri\/","title":{"rendered":"The Curvature of The Penis"},"content":{"rendered":"<p><\/p>\n<p style=\"text-align: justify;\"><a href=\"http:\/\/onderkayigil.com.tr\/onder\/wp-content\/uploads\/2015\/12\/LurMuzesi.jpg\" rel=\"attachment wp-att-203\"><img loading=\"lazy\" decoding=\"async\" class=\" wp-image-203 alignright\" src=\"http:\/\/onderkayigil.com.tr\/onder\/wp-content\/uploads\/2015\/12\/LurMuzesi.jpg\" alt=\"LurMuzesi\" width=\"497\" height=\"318\" srcset=\"https:\/\/onderkayigil.com.tr\/wp-content\/uploads\/2015\/12\/LurMuzesi.jpg 1234w, https:\/\/onderkayigil.com.tr\/wp-content\/uploads\/2015\/12\/LurMuzesi-300x192.jpg 300w, https:\/\/onderkayigil.com.tr\/wp-content\/uploads\/2015\/12\/LurMuzesi-1024x655.jpg 1024w\" sizes=\"auto, (max-width: 497px) 100vw, 497px\" \/><\/a>Do\u011fu\u015ftan veya sonradan olabilir. Do\u011fu\u015ftan olanlar kongenitalpenil kurvatur (e\u011frilik) olarak adland\u0131r\u0131labilir ve dikkatli aileler taraf\u0131ndan k\u00fc\u00e7\u00fck ya\u015flarda farkedilebilirler. E\u011fer bu \u015fekilde tan\u0131 konulabildiyse s\u00fcnnet s\u0131ras\u0131nda d\u00fczeltme operasyonunun da yap\u0131lmas\u0131 ile \u00e7ocu\u011fun ergenlikten sonra kendisinin farketmesi sonucu olu\u015fabilecek psikolojik problemlerin \u00f6n\u00fcne ge\u00e7ilmi\u015f olur. Ayr\u0131ca ileri ya\u015flarda d\u00fczeltici ameliyatlar \u00e7ocukluk d\u00f6nemine g\u00f6re daha karma\u015f\u0131k olmaktad\u0131r. \u00c7ocukluk d\u00f6neminde ayr\u0131ca idrar yolunun penisin daha alt taraf\u0131na a\u00e7\u0131lmas\u0131 anlam\u0131na gelen hipospadias patolojisinin d\u00fczeltilmesi s\u0131ras\u0131nda da e\u015flik eden penis e\u011frilikler d\u00fczeltilebilir. Cerrahi teknik olarak genellikle, penisin e\u011frili\u011fin oldu\u011fu y\u00f6n\u00fcn tersinde yap\u0131lan katlama diki\u015fi ile (plikasyon) d\u00fczeltme sa\u011flan\u0131r. Taraf\u0131mdan uygulanan\u00a0 \u00f6zel bir teknik ile penisin \u00f6zellikle toplar damar\u0131na zarar vermeden iki adet diki\u015f ile genede tam d\u00fczelme sa\u011flanmaktad\u0131r.<\/p>\n<p><\/p>","protected":false},"excerpt":{"rendered":"<p>Do\u011fu\u015ftan veya sonradan olabilir. Do\u011fu\u015ftan olanlar kongenitalpenil kurvatur (e\u011frilik) olarak adland\u0131r\u0131labilir ve dikkatli aileler taraf\u0131ndan k\u00fc\u00e7\u00fck ya\u015flarda farkedilebilirler. E\u011fer bu \u015fekilde tan\u0131 konulabildiyse s\u00fcnnet s\u0131ras\u0131nda d\u00fczeltme operasyonunun da yap\u0131lmas\u0131 ile \u00e7ocu\u011fun ergenlikten sonra kendisinin farketmesi sonucu olu\u015fabilecek psikolojik problemlerin \u00f6n\u00fcne ge\u00e7ilmi\u015f olur. Ayr\u0131ca ileri ya\u015flarda d\u00fczeltici ameliyatlar \u00e7ocukluk d\u00f6nemine g\u00f6re daha karma\u015f\u0131k olmaktad\u0131r. \u00c7ocukluk d\u00f6neminde [&hellip;]<\/p>\n","protected":false},"author":1,"featured_media":0,"parent":0,"menu_order":0,"comment_status":"closed","ping_status":"closed","template":"page-templates\/fullwidth.php","meta":{"footnotes":""},"class_list":["post-32","page","type-page","status-publish","hentry"],"_links":{"self":[{"href":"https:\/\/onderkayigil.com.tr\/en\/wp-json\/wp\/v2\/pages\/32","targetHints":{"allow":["GET"]}}],"collection":[{"href":"https:\/\/onderkayigil.com.tr\/en\/wp-json\/wp\/v2\/pages"}],"about":[{"href":"https:\/\/onderkayigil.com.tr\/en\/wp-json\/wp\/v2\/types\/page"}],"author":[{"embeddable":true,"href":"https:\/\/onderkayigil.com.tr\/en\/wp-json\/wp\/v2\/users\/1"}],"replies":[{"embeddable":true,"href":"https:\/\/onderkayigil.com.tr\/en\/wp-json\/wp\/v2\/comments?post=32"}],"version-history":[{"count":4,"href":"https:\/\/onderkayigil.com.tr\/en\/wp-json\/wp\/v2\/pages\/32\/revisions"}],"predecessor-version":[{"id":206,"href":"https:\/\/onderkayigil.com.tr\/en\/wp-json\/wp\/v2\/pages\/32\/revisions\/206"}],"wp:attachment":[{"href":"https:\/\/onderkayigil.com.tr\/en\/wp-json\/wp\/v2\/media?parent=32"}],"curies":[{"name":"wp","href":"https:\/\/api.w.org\/{rel}","templated":true}]}}