{"id":34,"date":"2015-12-21T00:47:20","date_gmt":"2015-12-20T22:47:20","guid":{"rendered":"http:\/\/onderkayigil.com.tr\/onder\/?page_id=34"},"modified":"2021-01-10T18:45:56","modified_gmt":"2021-01-10T15:45:56","slug":"peyronies-hastaligi","status":"publish","type":"page","link":"https:\/\/onderkayigil.com.tr\/en\/peyronies-hastaligi\/","title":{"rendered":"Peyronie&#8217;s Disease"},"content":{"rendered":"<p style=\"text-align: justify;\"><a href=\"http:\/\/onderkayigil.com.tr\/wp-content\/uploads\/2015\/12\/Peyronie.jpg\"><img loading=\"lazy\" decoding=\"async\" class=\" wp-image-201 alignright\" src=\"http:\/\/onderkayigil.com.tr\/wp-content\/uploads\/2015\/12\/Peyronie-300x222.jpg\" alt=\"\" width=\"404\" height=\"299\" srcset=\"https:\/\/onderkayigil.com.tr\/wp-content\/uploads\/2015\/12\/Peyronie-300x222.jpg 300w, https:\/\/onderkayigil.com.tr\/wp-content\/uploads\/2015\/12\/Peyronie-1024x759.jpg 1024w, https:\/\/onderkayigil.com.tr\/wp-content\/uploads\/2015\/12\/Peyronie.jpg 1520w\" sizes=\"auto, (max-width: 404px) 100vw, 404px\" \/><\/a>Bu hastal\u0131k sonradan geli\u015fen penis e\u011friliklerinin genel ad\u0131d\u0131r. Penisin sertle\u015fen dokular\u0131n\u0131n \u00fczerindeki zarda olu\u015fan nas\u0131r benzeri nedbe dokusu sonucu peniste e\u011frilik geli\u015febilir. Bu durum gen\u00e7lerde \u00e7ok nadirken ileri ya\u015flarda artan oranlarda g\u00f6r\u00fclebilmektedir. Nedeni ile ilgili bir\u00e7ok teori ve beraberinde g\u00f6r\u00fclen hastal\u0131klarla ilgili (\u015eeker hastal\u0131\u011f\u0131, Dupuytren kontrakt\u00fcr\u00fc gibi) \u00e7e\u015fitli bilgiler mevcut olsa da en ge\u00e7erli olan sebep \u00f6zellikle dikkatsiz ve zorlay\u0131c\u0131 cinsel ili\u015fkiler s\u0131ras\u0131nda peniste olu\u015fan k\u00fc\u00e7\u00fck hasar ve y\u0131rt\u0131klar\u0131n zamanla nedbe dokusu ve peniste \u015fekil bozuklu\u011fu ile kendini g\u00f6stermesidir. Hastalarda genelde 6ay-1 sene aras\u0131nda a\u011fr\u0131l\u0131 sertle\u015fmeler olu\u015fabilir. Hastalar penislerindeki aman sertlikleri ve \u015fekil bozukluklar\u0131n\u0131 bu d\u00f6nemde farkedebilrler. Bu durum baz\u0131 hastalarda kanser korkusunu beraberinde getirebilir fakat bu hastal\u0131k iyi huylu bir penis hastal\u0131\u011f\u0131d\u0131r. Sadece peniste ilerleyici \u015fekil bozuklu\u011funa neden olarak etkilerini g\u00f6sterir.\u015eekil bozuklu\u011fu yukar\u0131ya a\u015fa\u011f\u0131ya ve yan taraflara olabildi\u011fi gibi birden fazla y\u00f6ne olabilen komplex deformiteler de bulunabilir. Ayr\u0131ca ileri evre hastalarda kum saati deformitesi ve ortadaki s\u0131k\u0131\u015ft\u0131r\u0131c\u0131 banda ba\u011fl\u0131 u\u00e7 taraf\u0131 sertle\u015fmeyen (flail penis) durumu ifade eden \u015fekil bozukluklar\u0131 g\u00f6r\u00fclebilir Hastalardaki cinsel i\u015flev bozuklu\u011fu daha az oranda organik nedenli olabilece\u011fi gibi daha \u00e7ok psikoljik etkilenmeye ba\u011fl\u0131 olabilir. Bu hastalar cinsel birle\u015fmede penislerindeki \u015fekil bozuklu\u011fu nedeniyle zorluklar ya\u015fayabildikleri i\u00e7in zamanla cinsel eylemden ka\u00e7\u0131nmaya ba\u015flayabilirler.<\/p>\n<p style=\"text-align: justify;\">Te\u015fhiste hastalar\u0131n \u00e7ektikleri fotoraflar yard\u0131mc\u0131 olsa da penisin ila\u00e7 enjeksiyonu ile sertle\u015ftirildikten sonra yap\u0131lan muayenenin tedavinin planlanmas\u0131 a\u00e7\u0131s\u0131ndan \u00f6nemi b\u00fcy\u00fckt\u00fcr.Bu muayenenin d\u0131\u015f\u0131nda organik bir cinsel i\u015flev bozuklu\u011fu olup olmad\u0131\u011f\u0131n\u0131 belirlemek ve penisin damarsal ve elektrik aktivitesini g\u00f6stermek amac\u0131yla soru formlar\u0131n\u0131n kullan\u0131m\u0131 d\u0131\u015f\u0131nda penil renkli doppler ultrasonografi, kavernosometri ve korpus kavernosum elektromyografisi tetkiklerinin \u00f6nemi b\u00fcy\u00fck olabilir.<\/p>\n<p style=\"text-align: justify;\">Tedavide ila\u00e7 tedavilerinin rol\u00fcyle ilgili bir\u00e7ok ara\u015ft\u0131rmalar olsa da \u00f6zellikle ileri derecede deformitelerde cerrahi tedavi en \u00f6nemli se\u00e7enektir.Ba\u015flang\u0131\u00e7 lezyonlarda t\u0131bbi tedaviler uygulanabilirse de ileri derecede ve uzun s\u00fcre\u00e7li hastal\u0131klarda cerrahi tedavi ka\u00e7\u0131n\u0131lmaz olabilir. Cerrahi tedavilerde penil plikason denilen ve e\u011frili\u011fi penisin sertle\u015fen dokusunun zar\u0131 \u00fczerinde uygulanan diki\u015f y\u00f6ntemi en basit y\u00f6ntemdir. Bu y\u00f6ntem d\u0131\u015f\u0131nda graft y\u00f6ntemi olarak adland\u0131r\u0131lan ve d\u00fczeltme operasyonu s\u0131ras\u0131nda penis zar\u0131 \u00fczerinde olu\u015fan aral\u0131klar\u0131 doldurmak ve gerim noktalar\u0131n\u0131 gev\u015fetmek \u00fczere kullan\u0131lan maddeleri tan\u0131mlar. Bu ama\u00e7la hastan\u0131n kendi dokular\u0131 kullan\u0131labildi\u011fi gibi (bacak toplar damar\u0131 ) sentetik veya hayvanlar\u0131n dokular\u0131ndan ileri teknoloji kulan\u0131larak elde edilen materyaller kullan\u0131labilir. Her hastada kukllan\u0131lacak cerrahi y\u00f6ntemler de\u011fi\u015fiklik g\u00f6sterebilir ve bir hastada birden fazla teknik ayn\u0131 anda uygulanabilir.Ameliyat\u0131 takiben penil masaj, vakum cihaz\u0131 kullan\u0131m\u0131 ve cinsel i\u015flev bozuklu\u011fu i\u00e7in gerekli ila\u00e7 tedavileri gibi uygulamalar yak\u0131n takiple planlan\u0131r ve bu \u015fekilde penil k\u0131salma ve cinsel i\u015flev bozuklu\u011fu gibi komplikasyonlar en az orana indirilebilir.<\/p>\n","protected":false},"excerpt":{"rendered":"<p>Bu hastal\u0131k sonradan geli\u015fen penis e\u011friliklerinin genel ad\u0131d\u0131r. Penisin sertle\u015fen dokular\u0131n\u0131n \u00fczerindeki zarda olu\u015fan nas\u0131r benzeri nedbe dokusu sonucu peniste e\u011frilik geli\u015febilir. Bu durum gen\u00e7lerde \u00e7ok nadirken ileri ya\u015flarda artan oranlarda g\u00f6r\u00fclebilmektedir. Nedeni ile ilgili bir\u00e7ok teori ve beraberinde g\u00f6r\u00fclen hastal\u0131klarla ilgili (\u015eeker hastal\u0131\u011f\u0131, Dupuytren kontrakt\u00fcr\u00fc gibi) \u00e7e\u015fitli bilgiler mevcut olsa da en ge\u00e7erli olan [&hellip;]<\/p>\n","protected":false},"author":1,"featured_media":0,"parent":0,"menu_order":0,"comment_status":"closed","ping_status":"closed","template":"page-templates\/fullwidth.php","meta":{"footnotes":""},"class_list":["post-34","page","type-page","status-publish","hentry"],"_links":{"self":[{"href":"https:\/\/onderkayigil.com.tr\/en\/wp-json\/wp\/v2\/pages\/34","targetHints":{"allow":["GET"]}}],"collection":[{"href":"https:\/\/onderkayigil.com.tr\/en\/wp-json\/wp\/v2\/pages"}],"about":[{"href":"https:\/\/onderkayigil.com.tr\/en\/wp-json\/wp\/v2\/types\/page"}],"author":[{"embeddable":true,"href":"https:\/\/onderkayigil.com.tr\/en\/wp-json\/wp\/v2\/users\/1"}],"replies":[{"embeddable":true,"href":"https:\/\/onderkayigil.com.tr\/en\/wp-json\/wp\/v2\/comments?post=34"}],"version-history":[{"count":3,"href":"https:\/\/onderkayigil.com.tr\/en\/wp-json\/wp\/v2\/pages\/34\/revisions"}],"predecessor-version":[{"id":553,"href":"https:\/\/onderkayigil.com.tr\/en\/wp-json\/wp\/v2\/pages\/34\/revisions\/553"}],"wp:attachment":[{"href":"https:\/\/onderkayigil.com.tr\/en\/wp-json\/wp\/v2\/media?parent=34"}],"curies":[{"name":"wp","href":"https:\/\/api.w.org\/{rel}","templated":true}]}}