{"id":2,"date":"2015-12-11T14:27:07","date_gmt":"2015-12-11T12:27:07","guid":{"rendered":"http:\/\/onderkayigil.com.tr\/onder\/?page_id=2"},"modified":"2016-01-23T20:33:57","modified_gmt":"2016-01-23T18:33:57","slug":"ornek-sayfa","status":"publish","type":"page","link":"https:\/\/onderkayigil.com.tr\/tr\/","title":{"rendered":"\u00c7al\u0131\u015fma Alanlar\u0131m\u0131z"},"content":{"rendered":"<table border=\"0\" width=\"100%\" cellspacing=\"15\" cellpadding=\"15\">\n<tbody>\n<tr>\n<td scope=\"col\" valign=\"top\" width=\"25%\">\n<div dir=\"ltr\" lang=\"tr\" align=\"justify\">\n<h4 align=\"center\"><a href=\".\/penis-egrilikleri\" rel=\"attachment wp-att-192\"><img loading=\"lazy\" decoding=\"async\" class=\"alignnone size-full wp-image-192\" src=\"http:\/\/onderkayigil.com.tr\/wp-content\/uploads\/2015\/12\/1.jpg\" alt=\"1\" width=\"300\" height=\"150\" \/><\/a><\/h4>\n<h4 align=\"center\">PEN\u0130S E\u011eR\u0130L\u0130KLER\u0130<\/h4>\n<p align=\"justify\">Do\u011fu\u015ftan veya sonradan olabilir. Do\u011fu\u015ftan olanlar kongenitalpenil kurvatur (e\u011frilik) olarak adland\u0131r\u0131labilir ve dikkatli aileler taraf\u0131ndan k\u00fc\u00e7\u00fck ya\u015flarda farkedilebilirler. E\u011fer bu \u015fekilde tan\u0131 konulabildiyse s\u00fcnnet s\u0131ras\u0131nda d\u00fczeltme operasyonunun da yap\u0131lmas\u0131 ile \u00e7ocu\u011fun ergenlikten sonra kendisinin farketmesi sonucu olu\u015fabilecek psikolojik problemlerin \u00f6n\u00fcne ge\u00e7ilmi\u015f olur. Ayr\u0131ca ileri ya\u015flarda d\u00fczeltici ameliyatlar \u00e7ocukluk d\u00f6nemine g\u00f6re daha karma\u015f\u0131k olmaktad\u0131r. \u00c7ocukluk d\u00f6neminde ayr\u0131ca idrar yolunun penisin daha alt taraf\u0131na a\u00e7\u0131lmas\u0131 anlam\u0131na gelen hipospadias patolojisinin d\u00fczeltilmesi s\u0131ras\u0131nda da e\u015flik eden penis e\u011frilikler d\u00fczeltilebilir.<\/p>\n<p align=\"right\"><a href=\".\/penis-egrilikleri\" target=\"_parent\">Devam\u0131 i\u00e7in t\u0131klay\u0131n\u0131z<\/a><\/p>\n<\/div>\n<p>&nbsp;<\/td>\n<td scope=\"col\" valign=\"top\" width=\"25%\">\n<div dir=\"ltr\" lang=\"tr\" align=\"justify\">\n<h4 align=\"center\"><a href=\".\/penil-revaskularizasyon-penil-yeniden-kanlandirma\" rel=\"attachment wp-att-193\"><img loading=\"lazy\" decoding=\"async\" class=\"alignnone size-full wp-image-193\" src=\"http:\/\/onderkayigil.com.tr\/wp-content\/uploads\/2015\/12\/2.jpg\" alt=\"2\" width=\"300\" height=\"150\" \/><\/a><\/h4>\n<h4 align=\"center\">PEN\u0130L REVASKULAR\u0130ZASYON<\/h4>\n<p align=\"justify\">Erektil disfonksiyon, tatmin edici bir cinsel ili\u015fkiyi ba\u015flatma ve s\u00fcrd\u00fcrmek i\u00e7in yeterli penil sertle\u015fmeyi ba\u015flatma ve s\u00fcrd\u00fcrme yetersizli\u011fi olarak tan\u0131mlanabilir. Asya, Avrupa, Afrika, Kuzey ve G\u00fcney Amerika\u2019da yap\u0131lan son \u00e7al\u0131\u015fmalarda erkekler aras\u0131nda \u00f6nemli bir problem te\u015fkil etti\u011fi ve ya\u015f artt\u0131k\u00e7a g\u00f6r\u00fclme oran\u0131n\u0131n da artt\u0131\u011f\u0131 g\u00f6sterilmi\u015ftir. E\u011fitim d\u00fczeyi, medeni durum gibi sosyal fakt\u00f6rler; hipertansiyon, \u015feker hastal\u0131\u011f\u0131, kalp hastal\u0131\u011f\u0131, prostat b\u00fcy\u00fcmesi, b\u00f6brek yetmezli\u011fi, gibi t\u0131bbi nedenler ve sigara i\u00e7imi, alkol kullan\u0131m\u0131, \u015fi\u015fmanl\u0131k, egzersiz gibi ya\u015fam bi\u00e7imi ile ilgili fakt\u00f6rlerin de erektil fonksiyonu etkiledi\u011fi belirlenmi\u015ftir.<\/p>\n<p align=\"right\"><a href=\".\/penil-revaskularizasyon-penil-yeniden-kanlandirma\" target=\"_parent\">Devam\u0131 i\u00e7in t\u0131klay\u0131n\u0131z<\/a><\/p>\n<\/div>\n<\/td>\n<td scope=\"col\" valign=\"top\" width=\"25%\">\n<div dir=\"ltr\" lang=\"tr\" align=\"justify\">\n<h4 align=\"center\"><a href=\".\/peyronies-hastaligi\" rel=\"attachment wp-att-194\"><img loading=\"lazy\" decoding=\"async\" class=\"alignnone size-full wp-image-194\" src=\"http:\/\/onderkayigil.com.tr\/wp-content\/uploads\/2015\/12\/3.jpg\" alt=\"3\" width=\"300\" height=\"150\" \/><\/a><\/h4>\n<h4 align=\"center\">PEYRON\u0130E\u2019S HASTALI\u011eI<\/h4>\n<p align=\"justify\">Bu hastal\u0131k sonradan geli\u015fen penis e\u011friliklerinin genel ad\u0131d\u0131r. Penisin sertle\u015fen dokular\u0131n\u0131n \u00fczerindeki zarda olu\u015fan nas\u0131r benzeri nedbe dokusu sonucu peniste e\u011frilik geli\u015febilir. Bu durum gen\u00e7lerde \u00e7ok nadirken ileri ya\u015flarda artan oranlarda g\u00f6r\u00fclebilmektedir. Nedeni ile ilgili bir\u00e7ok teori ve beraberinde g\u00f6r\u00fclen hastal\u0131klarla ilgili (\u015eeker hastal\u0131\u011f\u0131,Dupuytren kontrakt\u00fcr\u00fc gibi) \u00e7e\u015fitli bilgiler mevcut olsa da en ge\u00e7erli olan sebep \u00f6zellikle dikkatsiz ve zorlay\u0131c\u0131 cinsel ili\u015fkiler s\u0131ras\u0131nda peniste olu\u015fan k\u00fc\u00e7\u00fck hasar ve y\u0131rt\u0131klar\u0131n zamanla nedbe dokusu ve peniste \u015fekil bozuklu\u011fu ile kendini g\u00f6stermesidir. Hastalarda genelde 6ay-1 sene aras\u0131nda a\u011fr\u0131l\u0131 sertle\u015fmeler olu\u015fabilir.<\/p>\n<p align=\"right\"><a href=\".\/peyronies-hastaligi\" target=\"_parent\">Devam\u0131 i\u00e7in t\u0131klay\u0131n\u0131z<\/a><\/p>\n<\/div>\n<\/td>\n<td scope=\"col\" valign=\"top\" width=\"25%\">\n<div dir=\"ltr\" lang=\"tr\" align=\"justify\">\n<h4 align=\"center\"><a href=\".\/kadinlarda-idrar-kacirma\" rel=\"attachment wp-att-195\"><img loading=\"lazy\" decoding=\"async\" class=\"alignnone size-full wp-image-195\" src=\"http:\/\/onderkayigil.com.tr\/wp-content\/uploads\/2015\/12\/4.jpg\" alt=\"4\" width=\"300\" height=\"150\" \/><\/a><\/h4>\n<h4 align=\"center\">KADINLARDA \u0130DRAR KA\u00c7IRMA<\/h4>\n<p align=\"justify\">En s\u0131k kar\u015f\u0131la\u015f\u0131lan ve sosyal ya\u015fant\u0131y\u0131 da etkileyebilerek \u00f6nemli ya\u015fam kalitesi azalmas\u0131na yol a\u00e7an sa\u011fl\u0131k problemlerindendir. Temel neden, idrar yolunu destekeyen dokularda gev\u015femeye ba\u011fl\u0131 olarak ge\u00e7ekle\u015fen sarkmayla i\u015feme dinamiklerinin bozulmas\u0131d\u0131r. Bir\u00e7ok nedeni vard\u0131r fakat en \u00e7ok zorlu do\u011fumlar ve rahmin cerrahi olarak al\u0131nmas\u0131 anlam\u0131na gelen histerektomi ameliyatlar\u0131 sonras\u0131nda g\u00f6r\u00fcl\u00fcr. Genelde kar\u0131n i\u00e7i bas\u0131nc\u0131n\u0131 y\u00fckselten a\u011f\u0131r kald\u0131rma, \u00f6ks\u00fcrme ve g\u00fclme gibi eylemler s\u0131ras\u0131nda istemsiz ka\u00e7a\u011f\u0131 tan\u0131mlayan stress inkontinas \u015feklindedir.<\/p>\n<p align=\"right\"><a href=\".\/kadinlarda-idrar-kacirma\" target=\"_parent\">Devam\u0131 i\u00e7in t\u0131klay\u0131n\u0131z<\/a><\/p>\n<\/div>\n<\/td>\n<\/tr>\n<\/tbody>\n<\/table>\n","protected":false},"excerpt":{"rendered":"<p>PEN\u0130S E\u011eR\u0130L\u0130KLER\u0130 Do\u011fu\u015ftan veya sonradan olabilir. Do\u011fu\u015ftan olanlar kongenitalpenil kurvatur (e\u011frilik) olarak adland\u0131r\u0131labilir ve dikkatli aileler taraf\u0131ndan k\u00fc\u00e7\u00fck ya\u015flarda farkedilebilirler. E\u011fer bu \u015fekilde tan\u0131 konulabildiyse s\u00fcnnet s\u0131ras\u0131nda d\u00fczeltme operasyonunun da yap\u0131lmas\u0131 ile \u00e7ocu\u011fun ergenlikten sonra kendisinin farketmesi sonucu olu\u015fabilecek psikolojik problemlerin \u00f6n\u00fcne ge\u00e7ilmi\u015f olur. Ayr\u0131ca ileri ya\u015flarda d\u00fczeltici ameliyatlar \u00e7ocukluk d\u00f6nemine g\u00f6re daha karma\u015f\u0131k olmaktad\u0131r. [&hellip;]<\/p>\n","protected":false},"author":1,"featured_media":0,"parent":0,"menu_order":0,"comment_status":"closed","ping_status":"closed","template":"page-templates\/fullwidth.php","meta":{"footnotes":""},"class_list":["post-2","page","type-page","status-publish","hentry"],"_links":{"self":[{"href":"https:\/\/onderkayigil.com.tr\/tr\/wp-json\/wp\/v2\/pages\/2","targetHints":{"allow":["GET"]}}],"collection":[{"href":"https:\/\/onderkayigil.com.tr\/tr\/wp-json\/wp\/v2\/pages"}],"about":[{"href":"https:\/\/onderkayigil.com.tr\/tr\/wp-json\/wp\/v2\/types\/page"}],"author":[{"embeddable":true,"href":"https:\/\/onderkayigil.com.tr\/tr\/wp-json\/wp\/v2\/users\/1"}],"replies":[{"embeddable":true,"href":"https:\/\/onderkayigil.com.tr\/tr\/wp-json\/wp\/v2\/comments?post=2"}],"version-history":[{"count":14,"href":"https:\/\/onderkayigil.com.tr\/tr\/wp-json\/wp\/v2\/pages\/2\/revisions"}],"predecessor-version":[{"id":222,"href":"https:\/\/onderkayigil.com.tr\/tr\/wp-json\/wp\/v2\/pages\/2\/revisions\/222"}],"wp:attachment":[{"href":"https:\/\/onderkayigil.com.tr\/tr\/wp-json\/wp\/v2\/media?parent=2"}],"curies":[{"name":"wp","href":"https:\/\/api.w.org\/{rel}","templated":true}]}}