{"id":73,"date":"2015-12-22T20:39:22","date_gmt":"2015-12-22T18:39:22","guid":{"rendered":"http:\/\/onderkayigil.com.tr\/onder\/dwqa-questions\/"},"modified":"2016-01-03T19:07:26","modified_gmt":"2016-01-03T17:07:26","slug":"dwqa-questions","status":"publish","type":"page","link":"https:\/\/onderkayigil.com.tr\/tr\/dwqa-questions\/","title":{"rendered":"Sorular"},"content":{"rendered":"<div class=\"dwqa-container\" ><div class=\"dwqa-questions-archive\"><form id=\"dwqa-search\" class=\"dwqa-search\"><input data-nonce=\"9ee39458d9\" type=\"text\" placeholder=\"What do you want to know?\" name=\"qs\" value=\"\"><\/form><div class=\"dwqa-question-filter\"><span>Filter:<\/span><a href=\"\/tr\/wp-json\/wp\/v2\/pages\/73?filter=all\" class=\"active\">T\u00fcm\u00fc<\/a><a href=\"\/tr\/wp-json\/wp\/v2\/pages\/73?filter=open\" class=\"\">A\u00e7\u0131k<\/a><a href=\"\/tr\/wp-json\/wp\/v2\/pages\/73?filter=resolved\" class=\"\">\u00c7\u00f6z\u00fclm\u00fc\u015f<\/a><a href=\"\/tr\/wp-json\/wp\/v2\/pages\/73?filter=closed\" class=\"\">Kapal\u0131<\/a><a href=\"\/tr\/wp-json\/wp\/v2\/pages\/73?filter=unanswered\" class=\"\">Unanswered<\/a><select id=\"dwqa-sort-by\" class=\"dwqa-sort-by\" onchange=\"this.options[this.selectedIndex].value && (window.location = this.options[this.selectedIndex].value);\"><option selected disabled>Sort by<\/option><option value=\"\/tr\/wp-json\/wp\/v2\/pages\/73?sort=views\">Views<\/option><option value=\"\/tr\/wp-json\/wp\/v2\/pages\/73?sort=answers\">Cevaplar<\/option><option value=\"\/tr\/wp-json\/wp\/v2\/pages\/73?sort=votes\">Votes<\/option><\/select><\/div><div class=\"dwqa-questions-list\"><div class=\"dwqa-alert dwqa-alert-info\">Sorry, but nothing matched your filter<\/div><\/div><div class=\"dwqa-questions-footer\"><div class=\"dwqa-ask-question\"><a href=\"https:\/\/onderkayigil.com.tr\/tr\/dwqa-ask-question\/\">Soru Sor<\/a><\/div><\/div><\/div><\/div>\n","protected":false},"excerpt":{"rendered":"<div class=\"dwqa-container\" ><div class=\"dwqa-questions-archive\"><form id=\"dwqa-search\" class=\"dwqa-search\"><input data-nonce=\"9ee39458d9\" type=\"text\" placeholder=\"What do you want to know?\" name=\"qs\" value=\"\"><\/form><div class=\"dwqa-question-filter\"><span>Filter:<\/span><a href=\"\/tr\/wp-json\/wp\/v2\/pages\/73?filter=all\" class=\"active\">T\u00fcm\u00fc<\/a><a href=\"\/tr\/wp-json\/wp\/v2\/pages\/73?filter=open\" class=\"\">A\u00e7\u0131k<\/a><a href=\"\/tr\/wp-json\/wp\/v2\/pages\/73?filter=resolved\" class=\"\">\u00c7\u00f6z\u00fclm\u00fc\u015f<\/a><a href=\"\/tr\/wp-json\/wp\/v2\/pages\/73?filter=closed\" class=\"\">Kapal\u0131<\/a><a href=\"\/tr\/wp-json\/wp\/v2\/pages\/73?filter=unanswered\" class=\"\">Unanswered<\/a><select id=\"dwqa-sort-by\" class=\"dwqa-sort-by\" onchange=\"this.options[this.selectedIndex].value && (window.location = this.options[this.selectedIndex].value);\"><option selected disabled>Sort by<\/option><option value=\"\/tr\/wp-json\/wp\/v2\/pages\/73?sort=views\">Views<\/option><option value=\"\/tr\/wp-json\/wp\/v2\/pages\/73?sort=answers\">Cevaplar<\/option><option value=\"\/tr\/wp-json\/wp\/v2\/pages\/73?sort=votes\">Votes<\/option><\/select><\/div><div class=\"dwqa-questions-list\"><div class=\"dwqa-alert dwqa-alert-info\">Sorry, but nothing matched your filter<\/div><\/div><div class=\"dwqa-questions-footer\"><div class=\"dwqa-ask-question\"><a href=\"https:\/\/onderkayigil.com.tr\/tr\/dwqa-ask-question\/\">Soru Sor<\/a><\/div><\/div><\/div><\/div>\n","protected":false},"author":1,"featured_media":0,"parent":0,"menu_order":0,"comment_status":"closed","ping_status":"closed","template":"","meta":{"footnotes":""},"class_list":["post-73","page","type-page","status-publish","hentry"],"_links":{"self":[{"href":"https:\/\/onderkayigil.com.tr\/tr\/wp-json\/wp\/v2\/pages\/73","targetHints":{"allow":["GET"]}}],"collection":[{"href":"https:\/\/onderkayigil.com.tr\/tr\/wp-json\/wp\/v2\/pages"}],"about":[{"href":"https:\/\/onderkayigil.com.tr\/tr\/wp-json\/wp\/v2\/types\/page"}],"author":[{"embeddable":true,"href":"https:\/\/onderkayigil.com.tr\/tr\/wp-json\/wp\/v2\/users\/1"}],"replies":[{"embeddable":true,"href":"https:\/\/onderkayigil.com.tr\/tr\/wp-json\/wp\/v2\/comments?post=73"}],"version-history":[{"count":2,"href":"https:\/\/onderkayigil.com.tr\/tr\/wp-json\/wp\/v2\/pages\/73\/revisions"}],"predecessor-version":[{"id":131,"href":"https:\/\/onderkayigil.com.tr\/tr\/wp-json\/wp\/v2\/pages\/73\/revisions\/131"}],"wp:attachment":[{"href":"https:\/\/onderkayigil.com.tr\/tr\/wp-json\/wp\/v2\/media?parent=73"}],"curies":[{"name":"wp","href":"https:\/\/api.w.org\/{rel}","templated":true}]}}